{"id":2,"date":"2020-05-16T17:17:56","date_gmt":"2020-05-16T17:17:56","guid":{"rendered":"https:\/\/pb-art.pl\/?page_id=2"},"modified":"2020-07-14T23:54:21","modified_gmt":"2020-07-14T22:54:21","slug":"kim-jestem","status":"publish","type":"page","link":"https:\/\/pb-art.pl\/index.php\/kim-jestem\/","title":{"rendered":"Kim jestem i co znajdziesz na stronie?"},"content":{"rendered":"\n<p>Cze\u015b\u0107, <\/p>\n\n\n\n<p>jest mi mi\u0142o powita\u0107 Ciebie na mojej stronie. Jest to strona prywatna, hobbysty, pasjonaty. Sw\u00f3j czas staram si\u0119 dzieli\u0107 pomi\u0119dzy fotografi\u0119 oraz Bezpiecze\u0144stwo IT. Ci z was, kt\u00f3rzy mnie znaj\u0105 osobi\u015bcie wiedz\u0105, \u017ce lubi\u0119 du\u017co m\u00f3wi\u0107, t\u0142umaczy\u0107 i przekazywa\u0107 swoj\u0105 wiedz\u0119.<\/p>\n\n\n\n<p>Jest to kolejna ods\u0142ona strony (obecna wersja to 3), na kt\u00f3rej b\u0119d\u0119 si\u0119 stara\u0142 troszk\u0119 edukowa\u0107 pod k\u0105tem Bezpiecze\u0144stwa IT, pokazywa\u0107 najlepsze praktyki. B\u0119d\u0119 opisywa\u0142 zagro\u017cenia z jakimi mo\u017cecie si\u0119 spotka\u0107 i te z kt\u00f3rymi sam si\u0119 spotka\u0142em. Na stronie pojawi\u0105 si\u0119 rozwi\u0105zania z kt\u00f3rych sam korzystam, korzysta\u0142em, my\u015bla\u0142em o nich. Nie reprezentuj\u0119 \u017cadnej firmy sprzedaj\u0105cej systemy i urz\u0105dzenia Bezpiecze\u0144stwa IT. Nie zamierzam si\u0119 rozpisywa\u0107 gdzie pracowa\u0142em, co robi\u0142em, jakie certyfikaty posiadam &#8211; od tego s\u0105 dedykowane portale.<\/p>\n\n\n\n<p>Mam gor\u0105c\u0105 pro\u015bb\u0119, je\u017celi znajdziesz b\u0142\u0119dy w moich wpisach, czy to gramatyczne, czy to merytoryczne daj mi zna\u0107. Je\u017celi chcia\u0142by\u015b\/chcia\u0142aby\u015b si\u0119 ze mn\u0105 skontaktowa\u0107 napisz maila<strong> pawel.boruc[@]pb-art.pl<\/strong><\/p>\n\n\n\n<p><\/p>\n\n\n\n<p>&#8222;Ono dif-tor heh smusma&#8221;,<\/p>\n\n\n\n<p>Pawe\u0142 Boruc<\/p>\n\n\n\n<p><\/p>\n\n\n\n<p><\/p>\n\n\n\n<blockquote class=\"wp-block-quote is-layout-flow wp-block-quote-is-layout-flow\"><p>&#8222;Bez pasji nie masz energii, a bez energii nie masz nic.&#8221; &#8211; Donald Trump<\/p><\/blockquote>\n\n\n\n<p><\/p>\n\n\n\n<p><\/p>\n","protected":false},"excerpt":{"rendered":"<p>Cze\u015b\u0107, jest mi mi\u0142o powita\u0107 Ciebie na mojej stronie. Jest to strona prywatna, hobbysty, pasjonaty. Sw\u00f3j czas staram si\u0119 dzieli\u0107<\/p>\n","protected":false},"author":1,"featured_media":0,"parent":0,"menu_order":0,"comment_status":"closed","ping_status":"open","template":"","meta":{"footnotes":""},"class_list":["post-2","page","type-page","status-publish","hentry","comments-off"],"_links":{"self":[{"href":"https:\/\/pb-art.pl\/index.php\/wp-json\/wp\/v2\/pages\/2","targetHints":{"allow":["GET"]}}],"collection":[{"href":"https:\/\/pb-art.pl\/index.php\/wp-json\/wp\/v2\/pages"}],"about":[{"href":"https:\/\/pb-art.pl\/index.php\/wp-json\/wp\/v2\/types\/page"}],"author":[{"embeddable":true,"href":"https:\/\/pb-art.pl\/index.php\/wp-json\/wp\/v2\/users\/1"}],"replies":[{"embeddable":true,"href":"https:\/\/pb-art.pl\/index.php\/wp-json\/wp\/v2\/comments?post=2"}],"version-history":[{"count":5,"href":"https:\/\/pb-art.pl\/index.php\/wp-json\/wp\/v2\/pages\/2\/revisions"}],"predecessor-version":[{"id":37,"href":"https:\/\/pb-art.pl\/index.php\/wp-json\/wp\/v2\/pages\/2\/revisions\/37"}],"wp:attachment":[{"href":"https:\/\/pb-art.pl\/index.php\/wp-json\/wp\/v2\/media?parent=2"}],"curies":[{"name":"wp","href":"https:\/\/api.w.org\/{rel}","templated":true}]}}